{"id":32604,"date":"2020-03-03T16:14:37","date_gmt":"2020-03-16T11:50:51","guid":{"rendered":"https:\/\/pirellihangarbicocca.org\/?post_type=product&#038;p=32604"},"modified":"2021-08-26T16:58:49","modified_gmt":"2021-08-26T14:58:49","slug":"cerith-wyn-evans-the-illuminating-gas","status":"publish","type":"product","link":"https:\/\/pirellihangarbicocca.org\/en\/product\/cerith-wyn-evans-the-illuminating-gas\/","title":{"rendered":"Cerith Wyn Evans. \u201c&#8230;.the Illuminating Gas\u201d"},"content":{"rendered":"","protected":false},"excerpt":{"rendered":"<p>The monograph casts new light on Evans installations of light and sound and is released in conjunction with his largest-ever solo show. The volume opens with photographs taken by Evans and selected from an archive of over 3.000 images that pertain to the idea of light and continues with three essays by the art historian Briony Fer, the theoretician \u00c9ric Alliez, and the philosopher Alexander Garc\u00eda D\u00fcttmann. Together with exhibition views, the catalogue presents a text by the curators Roberta Tenconi and Vicente Todol\u00ed, entries with detailed descriptions of all the exhibited works, and an illustrated chronology of Evans\u2019s solo shows.<\/p>\n","protected":false},"featured_media":33941,"template":"","meta":{"_acf_changed":false,"_relevanssi_hide_post":"","_relevanssi_hide_content":"","_relevanssi_pin_for_all":"","_relevanssi_pin_keywords":"","_relevanssi_unpin_keywords":"","_relevanssi_related_keywords":"","_relevanssi_related_include_ids":"","_relevanssi_related_exclude_ids":"","_relevanssi_related_no_append":"","_relevanssi_related_not_related":"","_relevanssi_related_posts":"","_relevanssi_noindex_reason":""},"product_brand":[],"product_cat":[1080],"product_tag":[],"class_list":{"0":"post-32604","1":"product","2":"type-product","3":"status-publish","4":"has-post-thumbnail","6":"product_cat-catalogues","7":"product_shipping_class-standard","9":"first","10":"outofstock","11":"purchasable","12":"product-type-simple"},"group_of_quantity":0,"min_quantity":0,"max_quantity":"","exclude_order_quantity_value_rules":"no","exclude_category_quantity_rules":"no","combine_variations":"no","acf":[],"yoast_head":"<!-- This site is optimized with the Yoast SEO plugin v27.5 - https:\/\/yoast.com\/product\/yoast-seo-wordpress\/ -->\n<title>Cerith Wyn Evans. \u201c....the Illuminating Gas\u201d - Pirelli HangarBicocca<\/title>\n<meta name=\"description\" content=\"Scopri Cerith Wyn Evans. \u201c....the Illuminating Gas\u201d ispirato alle opere presenti in mostra. Ora disponibile nello shop di Pirelli HangarBicocca.\" \/>\n<meta name=\"robots\" content=\"index, follow, max-snippet:-1, max-image-preview:large, max-video-preview:-1\" \/>\n<link rel=\"canonical\" href=\"https:\/\/pirellihangarbicocca.org\/en\/product\/cerith-wyn-evans-the-illuminating-gas\/\" \/>\n<meta property=\"og:locale\" content=\"en_US\" \/>\n<meta property=\"og:type\" content=\"article\" \/>\n<meta property=\"og:title\" content=\"Cerith Wyn Evans. \u201c....the Illuminating Gas\u201d - Pirelli HangarBicocca\" \/>\n<meta property=\"og:description\" content=\"Scopri Cerith Wyn Evans. \u201c....the Illuminating Gas\u201d ispirato alle opere presenti in mostra. Ora disponibile nello shop di Pirelli HangarBicocca.\" \/>\n<meta property=\"og:url\" content=\"https:\/\/pirellihangarbicocca.org\/en\/product\/cerith-wyn-evans-the-illuminating-gas\/\" \/>\n<meta property=\"og:site_name\" content=\"Pirelli HangarBicocca\" \/>\n<meta property=\"article:publisher\" content=\"https:\/\/www.facebook.com\/PirelliHangarBicocca\/\" \/>\n<meta property=\"article:modified_time\" content=\"2021-08-26T14:58:49+00:00\" \/>\n<meta property=\"og:image\" content=\"https:\/\/web-assets-hangarbicocca.pirelli.com\/wp-content\/uploads\/2020\/03\/Cover_Catalogo_Cerith_Wyn_Evans_Palmieri.jpg\" \/>\n\t<meta property=\"og:image:width\" content=\"800\" \/>\n\t<meta property=\"og:image:height\" content=\"857\" \/>\n\t<meta property=\"og:image:type\" content=\"image\/jpeg\" \/>\n<meta name=\"twitter:card\" content=\"summary_large_image\" \/>\n<meta name=\"twitter:site\" content=\"@HangarBicocca\" \/>\n<script type=\"application\/ld+json\" class=\"yoast-schema-graph\">{\"@context\":\"https:\\\/\\\/schema.org\",\"@graph\":[{\"@type\":\"WebPage\",\"@id\":\"https:\\\/\\\/pirellihangarbicocca.org\\\/en\\\/product\\\/cerith-wyn-evans-the-illuminating-gas\\\/\",\"url\":\"https:\\\/\\\/pirellihangarbicocca.org\\\/en\\\/product\\\/cerith-wyn-evans-the-illuminating-gas\\\/\",\"name\":\"Cerith Wyn Evans. \u201c....the Illuminating Gas\u201d - Pirelli HangarBicocca\",\"isPartOf\":{\"@id\":\"https:\\\/\\\/pirellihangarbicocca.org\\\/en\\\/#website\"},\"primaryImageOfPage\":{\"@id\":\"https:\\\/\\\/pirellihangarbicocca.org\\\/en\\\/product\\\/cerith-wyn-evans-the-illuminating-gas\\\/#primaryimage\"},\"image\":{\"@id\":\"https:\\\/\\\/pirellihangarbicocca.org\\\/en\\\/product\\\/cerith-wyn-evans-the-illuminating-gas\\\/#primaryimage\"},\"thumbnailUrl\":\"https:\\\/\\\/web-assets-hangarbicocca.pirelli.com\\\/wp-content\\\/uploads\\\/2020\\\/03\\\/Cover_Catalogo_Cerith_Wyn_Evans_Palmieri.jpg\",\"datePublished\":\"2020-03-16T11:50:51+00:00\",\"dateModified\":\"2021-08-26T14:58:49+00:00\",\"description\":\"Scopri Cerith Wyn Evans. \u201c....the Illuminating Gas\u201d ispirato alle opere presenti in mostra. Ora disponibile nello shop di Pirelli HangarBicocca.\",\"breadcrumb\":{\"@id\":\"https:\\\/\\\/pirellihangarbicocca.org\\\/en\\\/product\\\/cerith-wyn-evans-the-illuminating-gas\\\/#breadcrumb\"},\"inLanguage\":\"en-US\",\"potentialAction\":[{\"@type\":\"ReadAction\",\"target\":[\"https:\\\/\\\/pirellihangarbicocca.org\\\/en\\\/product\\\/cerith-wyn-evans-the-illuminating-gas\\\/\"]}]},{\"@type\":\"ImageObject\",\"inLanguage\":\"en-US\",\"@id\":\"https:\\\/\\\/pirellihangarbicocca.org\\\/en\\\/product\\\/cerith-wyn-evans-the-illuminating-gas\\\/#primaryimage\",\"url\":\"https:\\\/\\\/web-assets-hangarbicocca.pirelli.com\\\/wp-content\\\/uploads\\\/2020\\\/03\\\/Cover_Catalogo_Cerith_Wyn_Evans_Palmieri.jpg\",\"contentUrl\":\"https:\\\/\\\/web-assets-hangarbicocca.pirelli.com\\\/wp-content\\\/uploads\\\/2020\\\/03\\\/Cover_Catalogo_Cerith_Wyn_Evans_Palmieri.jpg\",\"width\":800,\"height\":857,\"caption\":\"Courtesy Pirelli HangarBicocca, Milan. Photo: Lorenzo Palmieri\"},{\"@type\":\"BreadcrumbList\",\"@id\":\"https:\\\/\\\/pirellihangarbicocca.org\\\/en\\\/product\\\/cerith-wyn-evans-the-illuminating-gas\\\/#breadcrumb\",\"itemListElement\":[{\"@type\":\"ListItem\",\"position\":1,\"name\":\"Home\",\"item\":\"https:\\\/\\\/pirellihangarbicocca.org\\\/en\\\/\"},{\"@type\":\"ListItem\",\"position\":2,\"name\":\"Shop\",\"item\":\"https:\\\/\\\/pirellihangarbicocca.org\\\/en\\\/shop\\\/\"},{\"@type\":\"ListItem\",\"position\":3,\"name\":\"Cerith Wyn Evans. \u201c&#8230;.the Illuminating Gas\u201d\"}]},{\"@type\":\"WebSite\",\"@id\":\"https:\\\/\\\/pirellihangarbicocca.org\\\/en\\\/#website\",\"url\":\"https:\\\/\\\/pirellihangarbicocca.org\\\/en\\\/\",\"name\":\"Pirelli HangarBicocca\",\"description\":\"\",\"publisher\":{\"@id\":\"https:\\\/\\\/pirellihangarbicocca.org\\\/en\\\/#organization\"},\"potentialAction\":[{\"@type\":\"SearchAction\",\"target\":{\"@type\":\"EntryPoint\",\"urlTemplate\":\"https:\\\/\\\/pirellihangarbicocca.org\\\/en\\\/?s={search_term_string}\"},\"query-input\":{\"@type\":\"PropertyValueSpecification\",\"valueRequired\":true,\"valueName\":\"search_term_string\"}}],\"inLanguage\":\"en-US\"},{\"@type\":\"Organization\",\"@id\":\"https:\\\/\\\/pirellihangarbicocca.org\\\/en\\\/#organization\",\"name\":\"Pirelli HangarBicocca\",\"url\":\"https:\\\/\\\/pirellihangarbicocca.org\\\/en\\\/\",\"logo\":{\"@type\":\"ImageObject\",\"inLanguage\":\"en-US\",\"@id\":\"https:\\\/\\\/pirellihangarbicocca.org\\\/en\\\/#\\\/schema\\\/logo\\\/image\\\/\",\"url\":\"https:\\\/\\\/web-assets-hangarbicocca.pirelli.com\\\/wp-content\\\/uploads\\\/2019\\\/06\\\/pirelli-hangarbicocca.png\",\"contentUrl\":\"https:\\\/\\\/web-assets-hangarbicocca.pirelli.com\\\/wp-content\\\/uploads\\\/2019\\\/06\\\/pirelli-hangarbicocca.png\",\"width\":496,\"height\":48,\"caption\":\"Pirelli HangarBicocca\"},\"image\":{\"@id\":\"https:\\\/\\\/pirellihangarbicocca.org\\\/en\\\/#\\\/schema\\\/logo\\\/image\\\/\"},\"sameAs\":[\"https:\\\/\\\/www.facebook.com\\\/PirelliHangarBicocca\\\/\",\"https:\\\/\\\/x.com\\\/HangarBicocca\",\"https:\\\/\\\/www.instagram.com\\\/pirelli_hangarbicocca\\\/\",\"http:\\\/\\\/www.youtube.com\\\/user\\\/HangarBicocca\"]}]}<\/script>\n<!-- \/ Yoast SEO plugin. -->","yoast_head_json":{"title":"Cerith Wyn Evans. \u201c....the Illuminating Gas\u201d - Pirelli HangarBicocca","description":"Scopri Cerith Wyn Evans. \u201c....the Illuminating Gas\u201d ispirato alle opere presenti in mostra. Ora disponibile nello shop di Pirelli HangarBicocca.","robots":{"index":"index","follow":"follow","max-snippet":"max-snippet:-1","max-image-preview":"max-image-preview:large","max-video-preview":"max-video-preview:-1"},"canonical":"https:\/\/pirellihangarbicocca.org\/en\/product\/cerith-wyn-evans-the-illuminating-gas\/","og_locale":"en_US","og_type":"article","og_title":"Cerith Wyn Evans. \u201c....the Illuminating Gas\u201d - Pirelli HangarBicocca","og_description":"Scopri Cerith Wyn Evans. \u201c....the Illuminating Gas\u201d ispirato alle opere presenti in mostra. Ora disponibile nello shop di Pirelli HangarBicocca.","og_url":"https:\/\/pirellihangarbicocca.org\/en\/product\/cerith-wyn-evans-the-illuminating-gas\/","og_site_name":"Pirelli HangarBicocca","article_publisher":"https:\/\/www.facebook.com\/PirelliHangarBicocca\/","article_modified_time":"2021-08-26T14:58:49+00:00","og_image":[{"width":800,"height":857,"url":"https:\/\/web-assets-hangarbicocca.pirelli.com\/wp-content\/uploads\/2020\/03\/Cover_Catalogo_Cerith_Wyn_Evans_Palmieri.jpg","type":"image\/jpeg"}],"twitter_card":"summary_large_image","twitter_site":"@HangarBicocca","schema":{"@context":"https:\/\/schema.org","@graph":[{"@type":"WebPage","@id":"https:\/\/pirellihangarbicocca.org\/en\/product\/cerith-wyn-evans-the-illuminating-gas\/","url":"https:\/\/pirellihangarbicocca.org\/en\/product\/cerith-wyn-evans-the-illuminating-gas\/","name":"Cerith Wyn Evans. \u201c....the Illuminating Gas\u201d - Pirelli HangarBicocca","isPartOf":{"@id":"https:\/\/pirellihangarbicocca.org\/en\/#website"},"primaryImageOfPage":{"@id":"https:\/\/pirellihangarbicocca.org\/en\/product\/cerith-wyn-evans-the-illuminating-gas\/#primaryimage"},"image":{"@id":"https:\/\/pirellihangarbicocca.org\/en\/product\/cerith-wyn-evans-the-illuminating-gas\/#primaryimage"},"thumbnailUrl":"https:\/\/web-assets-hangarbicocca.pirelli.com\/wp-content\/uploads\/2020\/03\/Cover_Catalogo_Cerith_Wyn_Evans_Palmieri.jpg","datePublished":"2020-03-16T11:50:51+00:00","dateModified":"2021-08-26T14:58:49+00:00","description":"Scopri Cerith Wyn Evans. \u201c....the Illuminating Gas\u201d ispirato alle opere presenti in mostra. Ora disponibile nello shop di Pirelli HangarBicocca.","breadcrumb":{"@id":"https:\/\/pirellihangarbicocca.org\/en\/product\/cerith-wyn-evans-the-illuminating-gas\/#breadcrumb"},"inLanguage":"en-US","potentialAction":[{"@type":"ReadAction","target":["https:\/\/pirellihangarbicocca.org\/en\/product\/cerith-wyn-evans-the-illuminating-gas\/"]}]},{"@type":"ImageObject","inLanguage":"en-US","@id":"https:\/\/pirellihangarbicocca.org\/en\/product\/cerith-wyn-evans-the-illuminating-gas\/#primaryimage","url":"https:\/\/web-assets-hangarbicocca.pirelli.com\/wp-content\/uploads\/2020\/03\/Cover_Catalogo_Cerith_Wyn_Evans_Palmieri.jpg","contentUrl":"https:\/\/web-assets-hangarbicocca.pirelli.com\/wp-content\/uploads\/2020\/03\/Cover_Catalogo_Cerith_Wyn_Evans_Palmieri.jpg","width":800,"height":857,"caption":"Courtesy Pirelli HangarBicocca, Milan. Photo: Lorenzo Palmieri"},{"@type":"BreadcrumbList","@id":"https:\/\/pirellihangarbicocca.org\/en\/product\/cerith-wyn-evans-the-illuminating-gas\/#breadcrumb","itemListElement":[{"@type":"ListItem","position":1,"name":"Home","item":"https:\/\/pirellihangarbicocca.org\/en\/"},{"@type":"ListItem","position":2,"name":"Shop","item":"https:\/\/pirellihangarbicocca.org\/en\/shop\/"},{"@type":"ListItem","position":3,"name":"Cerith Wyn Evans. \u201c&#8230;.the Illuminating Gas\u201d"}]},{"@type":"WebSite","@id":"https:\/\/pirellihangarbicocca.org\/en\/#website","url":"https:\/\/pirellihangarbicocca.org\/en\/","name":"Pirelli HangarBicocca","description":"","publisher":{"@id":"https:\/\/pirellihangarbicocca.org\/en\/#organization"},"potentialAction":[{"@type":"SearchAction","target":{"@type":"EntryPoint","urlTemplate":"https:\/\/pirellihangarbicocca.org\/en\/?s={search_term_string}"},"query-input":{"@type":"PropertyValueSpecification","valueRequired":true,"valueName":"search_term_string"}}],"inLanguage":"en-US"},{"@type":"Organization","@id":"https:\/\/pirellihangarbicocca.org\/en\/#organization","name":"Pirelli HangarBicocca","url":"https:\/\/pirellihangarbicocca.org\/en\/","logo":{"@type":"ImageObject","inLanguage":"en-US","@id":"https:\/\/pirellihangarbicocca.org\/en\/#\/schema\/logo\/image\/","url":"https:\/\/web-assets-hangarbicocca.pirelli.com\/wp-content\/uploads\/2019\/06\/pirelli-hangarbicocca.png","contentUrl":"https:\/\/web-assets-hangarbicocca.pirelli.com\/wp-content\/uploads\/2019\/06\/pirelli-hangarbicocca.png","width":496,"height":48,"caption":"Pirelli HangarBicocca"},"image":{"@id":"https:\/\/pirellihangarbicocca.org\/en\/#\/schema\/logo\/image\/"},"sameAs":["https:\/\/www.facebook.com\/PirelliHangarBicocca\/","https:\/\/x.com\/HangarBicocca","https:\/\/www.instagram.com\/pirelli_hangarbicocca\/","http:\/\/www.youtube.com\/user\/HangarBicocca"]}]}},"_links":{"self":[{"href":"https:\/\/pirellihangarbicocca.org\/en\/wp-json\/wp\/v2\/product\/32604","targetHints":{"allow":["GET"]}}],"collection":[{"href":"https:\/\/pirellihangarbicocca.org\/en\/wp-json\/wp\/v2\/product"}],"about":[{"href":"https:\/\/pirellihangarbicocca.org\/en\/wp-json\/wp\/v2\/types\/product"}],"wp:featuredmedia":[{"embeddable":true,"href":"https:\/\/pirellihangarbicocca.org\/en\/wp-json\/wp\/v2\/media\/33941"}],"wp:attachment":[{"href":"https:\/\/pirellihangarbicocca.org\/en\/wp-json\/wp\/v2\/media?parent=32604"}],"wp:term":[{"taxonomy":"product_brand","embeddable":true,"href":"https:\/\/pirellihangarbicocca.org\/en\/wp-json\/wp\/v2\/product_brand?post=32604"},{"taxonomy":"product_cat","embeddable":true,"href":"https:\/\/pirellihangarbicocca.org\/en\/wp-json\/wp\/v2\/product_cat?post=32604"},{"taxonomy":"product_tag","embeddable":true,"href":"https:\/\/pirellihangarbicocca.org\/en\/wp-json\/wp\/v2\/product_tag?post=32604"}],"curies":[{"name":"wp","href":"https:\/\/api.w.org\/{rel}","templated":true}]}}