{"id":32125,"date":"2020-01-31T11:36:02","date_gmt":"2020-01-31T10:41:20","guid":{"rendered":"https:\/\/pirellihangarbicocca.org\/?post_type=product&#038;p=32125"},"modified":"2024-11-28T00:00:08","modified_gmt":"2024-11-27T23:00:08","slug":"eva-kotatkova-the-dream-machine-is-asleep","status":"publish","type":"product","link":"https:\/\/pirellihangarbicocca.org\/en\/product\/eva-kotatkova-the-dream-machine-is-asleep\/","title":{"rendered":"Eva Kot\u2019\u00e1tkov\u00e1. The Dream Machine is Asleep"},"content":{"rendered":"","protected":false},"excerpt":{"rendered":"<p>Published on the occasion of the artist\u2019s first major show in Italy, the catalog focuses on the theme of sleep as a moment in which new visions and parallel worlds are created through dreams. As a mechanism that aims to get the reader closer to the artist personal inner archive, the book includes original scripts for the exhibited works , arranged in a continuous flow together with an extended photographic apparatus of the show in Milan and contributions by Luigi Fassi, Petr Kot\u2019\u00e1tko, Lino Nobili and a conversation between Eva Ko\u0165\u00e1tkov\u00e1 and Roberta Tenconi.<\/p>\n","protected":false},"featured_media":32110,"template":"","meta":{"_acf_changed":false,"_relevanssi_hide_post":"","_relevanssi_hide_content":"","_relevanssi_pin_for_all":"","_relevanssi_pin_keywords":"","_relevanssi_unpin_keywords":"","_relevanssi_related_keywords":"","_relevanssi_related_include_ids":"","_relevanssi_related_exclude_ids":"","_relevanssi_related_no_append":"","_relevanssi_related_not_related":"","_relevanssi_related_posts":"","_relevanssi_noindex_reason":""},"product_brand":[],"product_cat":[1080],"product_tag":[],"class_list":{"0":"post-32125","1":"product","2":"type-product","3":"status-publish","4":"has-post-thumbnail","6":"product_cat-catalogues","7":"product_shipping_class-standard","9":"first","10":"instock","11":"purchasable","12":"product-type-simple"},"group_of_quantity":0,"min_quantity":0,"max_quantity":"","exclude_order_quantity_value_rules":"no","exclude_category_quantity_rules":"no","combine_variations":"no","acf":[],"yoast_head":"<!-- This site is optimized with the Yoast SEO plugin v27.5 - https:\/\/yoast.com\/product\/yoast-seo-wordpress\/ -->\n<title>Eva Kot\u2019\u00e1tkov\u00e1. The Dream Machine is Asleep - Pirelli HangarBicocca<\/title>\n<meta name=\"description\" content=\"Scopri Eva Kot\u2019\u00e1tkov\u00e1. The Dream Machine is Asleep ispirato alle opere presenti in mostra. Ora disponibile nello shop di Pirelli HangarBicocca.\" \/>\n<meta name=\"robots\" content=\"index, follow, max-snippet:-1, max-image-preview:large, max-video-preview:-1\" \/>\n<link rel=\"canonical\" href=\"https:\/\/pirellihangarbicocca.org\/en\/product\/eva-kotatkova-the-dream-machine-is-asleep\/\" \/>\n<meta property=\"og:locale\" content=\"en_US\" \/>\n<meta property=\"og:type\" content=\"article\" \/>\n<meta property=\"og:title\" content=\"Eva Kot\u2019\u00e1tkov\u00e1. The Dream Machine is Asleep - Pirelli HangarBicocca\" \/>\n<meta property=\"og:description\" content=\"Scopri Eva Kot\u2019\u00e1tkov\u00e1. The Dream Machine is Asleep ispirato alle opere presenti in mostra. Ora disponibile nello shop di Pirelli HangarBicocca.\" \/>\n<meta property=\"og:url\" content=\"https:\/\/pirellihangarbicocca.org\/en\/product\/eva-kotatkova-the-dream-machine-is-asleep\/\" \/>\n<meta property=\"og:site_name\" content=\"Pirelli HangarBicocca\" \/>\n<meta property=\"article:publisher\" content=\"https:\/\/www.facebook.com\/PirelliHangarBicocca\/\" \/>\n<meta property=\"article:modified_time\" content=\"2024-11-27T23:00:08+00:00\" \/>\n<meta property=\"og:image\" content=\"https:\/\/web-assets-hangarbicocca.pirelli.com\/wp-content\/uploads\/2020\/01\/Cover_Catalogo_Eva_Kotatkova.jpg\" \/>\n\t<meta property=\"og:image:width\" content=\"800\" \/>\n\t<meta property=\"og:image:height\" content=\"857\" \/>\n\t<meta property=\"og:image:type\" content=\"image\/jpeg\" \/>\n<meta name=\"twitter:card\" content=\"summary_large_image\" \/>\n<meta name=\"twitter:site\" content=\"@HangarBicocca\" \/>\n<script type=\"application\/ld+json\" class=\"yoast-schema-graph\">{\"@context\":\"https:\\\/\\\/schema.org\",\"@graph\":[{\"@type\":\"WebPage\",\"@id\":\"https:\\\/\\\/pirellihangarbicocca.org\\\/en\\\/product\\\/eva-kotatkova-the-dream-machine-is-asleep\\\/\",\"url\":\"https:\\\/\\\/pirellihangarbicocca.org\\\/en\\\/product\\\/eva-kotatkova-the-dream-machine-is-asleep\\\/\",\"name\":\"Eva Kot\u2019\u00e1tkov\u00e1. The Dream Machine is Asleep - Pirelli HangarBicocca\",\"isPartOf\":{\"@id\":\"https:\\\/\\\/pirellihangarbicocca.org\\\/en\\\/#website\"},\"primaryImageOfPage\":{\"@id\":\"https:\\\/\\\/pirellihangarbicocca.org\\\/en\\\/product\\\/eva-kotatkova-the-dream-machine-is-asleep\\\/#primaryimage\"},\"image\":{\"@id\":\"https:\\\/\\\/pirellihangarbicocca.org\\\/en\\\/product\\\/eva-kotatkova-the-dream-machine-is-asleep\\\/#primaryimage\"},\"thumbnailUrl\":\"https:\\\/\\\/web-assets-hangarbicocca.pirelli.com\\\/wp-content\\\/uploads\\\/2020\\\/01\\\/Cover_Catalogo_Eva_Kotatkova.jpg\",\"datePublished\":\"2020-01-31T10:41:20+00:00\",\"dateModified\":\"2024-11-27T23:00:08+00:00\",\"description\":\"Scopri Eva Kot\u2019\u00e1tkov\u00e1. The Dream Machine is Asleep ispirato alle opere presenti in mostra. Ora disponibile nello shop di Pirelli HangarBicocca.\",\"breadcrumb\":{\"@id\":\"https:\\\/\\\/pirellihangarbicocca.org\\\/en\\\/product\\\/eva-kotatkova-the-dream-machine-is-asleep\\\/#breadcrumb\"},\"inLanguage\":\"en-US\",\"potentialAction\":[{\"@type\":\"ReadAction\",\"target\":[\"https:\\\/\\\/pirellihangarbicocca.org\\\/en\\\/product\\\/eva-kotatkova-the-dream-machine-is-asleep\\\/\"]}]},{\"@type\":\"ImageObject\",\"inLanguage\":\"en-US\",\"@id\":\"https:\\\/\\\/pirellihangarbicocca.org\\\/en\\\/product\\\/eva-kotatkova-the-dream-machine-is-asleep\\\/#primaryimage\",\"url\":\"https:\\\/\\\/web-assets-hangarbicocca.pirelli.com\\\/wp-content\\\/uploads\\\/2020\\\/01\\\/Cover_Catalogo_Eva_Kotatkova.jpg\",\"contentUrl\":\"https:\\\/\\\/web-assets-hangarbicocca.pirelli.com\\\/wp-content\\\/uploads\\\/2020\\\/01\\\/Cover_Catalogo_Eva_Kotatkova.jpg\",\"width\":800,\"height\":857,\"caption\":\"Courtesy Pirelli HangarBicocca, Milan. Photo: Lorenzo Palmieri\"},{\"@type\":\"BreadcrumbList\",\"@id\":\"https:\\\/\\\/pirellihangarbicocca.org\\\/en\\\/product\\\/eva-kotatkova-the-dream-machine-is-asleep\\\/#breadcrumb\",\"itemListElement\":[{\"@type\":\"ListItem\",\"position\":1,\"name\":\"Home\",\"item\":\"https:\\\/\\\/pirellihangarbicocca.org\\\/en\\\/\"},{\"@type\":\"ListItem\",\"position\":2,\"name\":\"Shop\",\"item\":\"https:\\\/\\\/pirellihangarbicocca.org\\\/en\\\/shop\\\/\"},{\"@type\":\"ListItem\",\"position\":3,\"name\":\"Eva Kot\u2019\u00e1tkov\u00e1. The Dream Machine is Asleep\"}]},{\"@type\":\"WebSite\",\"@id\":\"https:\\\/\\\/pirellihangarbicocca.org\\\/en\\\/#website\",\"url\":\"https:\\\/\\\/pirellihangarbicocca.org\\\/en\\\/\",\"name\":\"Pirelli HangarBicocca\",\"description\":\"\",\"publisher\":{\"@id\":\"https:\\\/\\\/pirellihangarbicocca.org\\\/en\\\/#organization\"},\"potentialAction\":[{\"@type\":\"SearchAction\",\"target\":{\"@type\":\"EntryPoint\",\"urlTemplate\":\"https:\\\/\\\/pirellihangarbicocca.org\\\/en\\\/?s={search_term_string}\"},\"query-input\":{\"@type\":\"PropertyValueSpecification\",\"valueRequired\":true,\"valueName\":\"search_term_string\"}}],\"inLanguage\":\"en-US\"},{\"@type\":\"Organization\",\"@id\":\"https:\\\/\\\/pirellihangarbicocca.org\\\/en\\\/#organization\",\"name\":\"Pirelli HangarBicocca\",\"url\":\"https:\\\/\\\/pirellihangarbicocca.org\\\/en\\\/\",\"logo\":{\"@type\":\"ImageObject\",\"inLanguage\":\"en-US\",\"@id\":\"https:\\\/\\\/pirellihangarbicocca.org\\\/en\\\/#\\\/schema\\\/logo\\\/image\\\/\",\"url\":\"https:\\\/\\\/web-assets-hangarbicocca.pirelli.com\\\/wp-content\\\/uploads\\\/2019\\\/06\\\/pirelli-hangarbicocca.png\",\"contentUrl\":\"https:\\\/\\\/web-assets-hangarbicocca.pirelli.com\\\/wp-content\\\/uploads\\\/2019\\\/06\\\/pirelli-hangarbicocca.png\",\"width\":496,\"height\":48,\"caption\":\"Pirelli HangarBicocca\"},\"image\":{\"@id\":\"https:\\\/\\\/pirellihangarbicocca.org\\\/en\\\/#\\\/schema\\\/logo\\\/image\\\/\"},\"sameAs\":[\"https:\\\/\\\/www.facebook.com\\\/PirelliHangarBicocca\\\/\",\"https:\\\/\\\/x.com\\\/HangarBicocca\",\"https:\\\/\\\/www.instagram.com\\\/pirelli_hangarbicocca\\\/\",\"http:\\\/\\\/www.youtube.com\\\/user\\\/HangarBicocca\"]}]}<\/script>\n<!-- \/ Yoast SEO plugin. -->","yoast_head_json":{"title":"Eva Kot\u2019\u00e1tkov\u00e1. The Dream Machine is Asleep - Pirelli HangarBicocca","description":"Scopri Eva Kot\u2019\u00e1tkov\u00e1. The Dream Machine is Asleep ispirato alle opere presenti in mostra. Ora disponibile nello shop di Pirelli HangarBicocca.","robots":{"index":"index","follow":"follow","max-snippet":"max-snippet:-1","max-image-preview":"max-image-preview:large","max-video-preview":"max-video-preview:-1"},"canonical":"https:\/\/pirellihangarbicocca.org\/en\/product\/eva-kotatkova-the-dream-machine-is-asleep\/","og_locale":"en_US","og_type":"article","og_title":"Eva Kot\u2019\u00e1tkov\u00e1. The Dream Machine is Asleep - Pirelli HangarBicocca","og_description":"Scopri Eva Kot\u2019\u00e1tkov\u00e1. The Dream Machine is Asleep ispirato alle opere presenti in mostra. Ora disponibile nello shop di Pirelli HangarBicocca.","og_url":"https:\/\/pirellihangarbicocca.org\/en\/product\/eva-kotatkova-the-dream-machine-is-asleep\/","og_site_name":"Pirelli HangarBicocca","article_publisher":"https:\/\/www.facebook.com\/PirelliHangarBicocca\/","article_modified_time":"2024-11-27T23:00:08+00:00","og_image":[{"width":800,"height":857,"url":"https:\/\/web-assets-hangarbicocca.pirelli.com\/wp-content\/uploads\/2020\/01\/Cover_Catalogo_Eva_Kotatkova.jpg","type":"image\/jpeg"}],"twitter_card":"summary_large_image","twitter_site":"@HangarBicocca","schema":{"@context":"https:\/\/schema.org","@graph":[{"@type":"WebPage","@id":"https:\/\/pirellihangarbicocca.org\/en\/product\/eva-kotatkova-the-dream-machine-is-asleep\/","url":"https:\/\/pirellihangarbicocca.org\/en\/product\/eva-kotatkova-the-dream-machine-is-asleep\/","name":"Eva Kot\u2019\u00e1tkov\u00e1. The Dream Machine is Asleep - Pirelli HangarBicocca","isPartOf":{"@id":"https:\/\/pirellihangarbicocca.org\/en\/#website"},"primaryImageOfPage":{"@id":"https:\/\/pirellihangarbicocca.org\/en\/product\/eva-kotatkova-the-dream-machine-is-asleep\/#primaryimage"},"image":{"@id":"https:\/\/pirellihangarbicocca.org\/en\/product\/eva-kotatkova-the-dream-machine-is-asleep\/#primaryimage"},"thumbnailUrl":"https:\/\/web-assets-hangarbicocca.pirelli.com\/wp-content\/uploads\/2020\/01\/Cover_Catalogo_Eva_Kotatkova.jpg","datePublished":"2020-01-31T10:41:20+00:00","dateModified":"2024-11-27T23:00:08+00:00","description":"Scopri Eva Kot\u2019\u00e1tkov\u00e1. The Dream Machine is Asleep ispirato alle opere presenti in mostra. Ora disponibile nello shop di Pirelli HangarBicocca.","breadcrumb":{"@id":"https:\/\/pirellihangarbicocca.org\/en\/product\/eva-kotatkova-the-dream-machine-is-asleep\/#breadcrumb"},"inLanguage":"en-US","potentialAction":[{"@type":"ReadAction","target":["https:\/\/pirellihangarbicocca.org\/en\/product\/eva-kotatkova-the-dream-machine-is-asleep\/"]}]},{"@type":"ImageObject","inLanguage":"en-US","@id":"https:\/\/pirellihangarbicocca.org\/en\/product\/eva-kotatkova-the-dream-machine-is-asleep\/#primaryimage","url":"https:\/\/web-assets-hangarbicocca.pirelli.com\/wp-content\/uploads\/2020\/01\/Cover_Catalogo_Eva_Kotatkova.jpg","contentUrl":"https:\/\/web-assets-hangarbicocca.pirelli.com\/wp-content\/uploads\/2020\/01\/Cover_Catalogo_Eva_Kotatkova.jpg","width":800,"height":857,"caption":"Courtesy Pirelli HangarBicocca, Milan. Photo: Lorenzo Palmieri"},{"@type":"BreadcrumbList","@id":"https:\/\/pirellihangarbicocca.org\/en\/product\/eva-kotatkova-the-dream-machine-is-asleep\/#breadcrumb","itemListElement":[{"@type":"ListItem","position":1,"name":"Home","item":"https:\/\/pirellihangarbicocca.org\/en\/"},{"@type":"ListItem","position":2,"name":"Shop","item":"https:\/\/pirellihangarbicocca.org\/en\/shop\/"},{"@type":"ListItem","position":3,"name":"Eva Kot\u2019\u00e1tkov\u00e1. The Dream Machine is Asleep"}]},{"@type":"WebSite","@id":"https:\/\/pirellihangarbicocca.org\/en\/#website","url":"https:\/\/pirellihangarbicocca.org\/en\/","name":"Pirelli HangarBicocca","description":"","publisher":{"@id":"https:\/\/pirellihangarbicocca.org\/en\/#organization"},"potentialAction":[{"@type":"SearchAction","target":{"@type":"EntryPoint","urlTemplate":"https:\/\/pirellihangarbicocca.org\/en\/?s={search_term_string}"},"query-input":{"@type":"PropertyValueSpecification","valueRequired":true,"valueName":"search_term_string"}}],"inLanguage":"en-US"},{"@type":"Organization","@id":"https:\/\/pirellihangarbicocca.org\/en\/#organization","name":"Pirelli HangarBicocca","url":"https:\/\/pirellihangarbicocca.org\/en\/","logo":{"@type":"ImageObject","inLanguage":"en-US","@id":"https:\/\/pirellihangarbicocca.org\/en\/#\/schema\/logo\/image\/","url":"https:\/\/web-assets-hangarbicocca.pirelli.com\/wp-content\/uploads\/2019\/06\/pirelli-hangarbicocca.png","contentUrl":"https:\/\/web-assets-hangarbicocca.pirelli.com\/wp-content\/uploads\/2019\/06\/pirelli-hangarbicocca.png","width":496,"height":48,"caption":"Pirelli HangarBicocca"},"image":{"@id":"https:\/\/pirellihangarbicocca.org\/en\/#\/schema\/logo\/image\/"},"sameAs":["https:\/\/www.facebook.com\/PirelliHangarBicocca\/","https:\/\/x.com\/HangarBicocca","https:\/\/www.instagram.com\/pirelli_hangarbicocca\/","http:\/\/www.youtube.com\/user\/HangarBicocca"]}]}},"_links":{"self":[{"href":"https:\/\/pirellihangarbicocca.org\/en\/wp-json\/wp\/v2\/product\/32125","targetHints":{"allow":["GET"]}}],"collection":[{"href":"https:\/\/pirellihangarbicocca.org\/en\/wp-json\/wp\/v2\/product"}],"about":[{"href":"https:\/\/pirellihangarbicocca.org\/en\/wp-json\/wp\/v2\/types\/product"}],"wp:featuredmedia":[{"embeddable":true,"href":"https:\/\/pirellihangarbicocca.org\/en\/wp-json\/wp\/v2\/media\/32110"}],"wp:attachment":[{"href":"https:\/\/pirellihangarbicocca.org\/en\/wp-json\/wp\/v2\/media?parent=32125"}],"wp:term":[{"taxonomy":"product_brand","embeddable":true,"href":"https:\/\/pirellihangarbicocca.org\/en\/wp-json\/wp\/v2\/product_brand?post=32125"},{"taxonomy":"product_cat","embeddable":true,"href":"https:\/\/pirellihangarbicocca.org\/en\/wp-json\/wp\/v2\/product_cat?post=32125"},{"taxonomy":"product_tag","embeddable":true,"href":"https:\/\/pirellihangarbicocca.org\/en\/wp-json\/wp\/v2\/product_tag?post=32125"}],"curies":[{"name":"wp","href":"https:\/\/api.w.org\/{rel}","templated":true}]}}